{"id":67,"date":"2024-01-06T22:40:41","date_gmt":"2024-01-06T22:40:41","guid":{"rendered":"https:\/\/dcamino.es\/?page_id=67"},"modified":"2024-02-10T09:48:11","modified_gmt":"2024-02-10T09:48:11","slug":"bucher","status":"publish","type":"page","link":"https:\/\/dcamino.es\/index.php\/bucher\/","title":{"rendered":"B\u00fccher"},"content":{"rendered":"\n<div style=\"height:100px\" aria-hidden=\"true\" class=\"wp-block-spacer\"><\/div>\n\n\n\n<div class=\"wp-block-media-text alignwide is-stacked-on-mobile is-vertically-aligned-center\" style=\"padding-right:var(--wp--preset--spacing--10);padding-left:var(--wp--preset--spacing--10);grid-template-columns:34% auto\"><figure class=\"wp-block-media-text__media\"><img loading=\"lazy\" decoding=\"async\" width=\"411\" height=\"638\" src=\"https:\/\/dcamino.es\/wp-content\/uploads\/2024\/01\/caratula_sum_web.jpg\" alt=\"\" class=\"wp-image-146 size-full\" srcset=\"https:\/\/dcamino.es\/wp-content\/uploads\/2024\/01\/caratula_sum_web.jpg 411w, https:\/\/dcamino.es\/wp-content\/uploads\/2024\/01\/caratula_sum_web-193x300.jpg 193w\" sizes=\"auto, (max-width: 411px) 100vw, 411px\" \/><\/figure><div class=\"wp-block-media-text__content\">\n<p class=\"has-medium-font-size\" style=\"line-height:2\"><strong><em>Die beiden beliebten B\u00fccher von D. Camino jetzt auch als Sammelband!<\/em><\/strong><\/p>\n\n\n\n<div style=\"height:10px\" aria-hidden=\"true\" class=\"wp-block-spacer\"><\/div>\n\n\n\n<p style=\"line-height:2\">Der erste Band erz\u00e4hlt, wie Lias Leben durch den Verlust des Partners auf den Kopf gestellt wurde, wie sie neue Freundschaften geschlossen und sich schlie\u00dflich sogar auf Dating-Plattformen eingelassen hat. In Band zwei beschreibt sie mit trockenem Humor und viel Selbstironie ihren Crash-Kurs im modernen Dating und l\u00e4sst den Leser daran teilhaben, wie sie von einer haarstr\u00e4ubenden Geschichte in die n\u00e4chste stolpert, dabei ein paar sehr nette, aber auch einige recht schr\u00e4ge Typen kennenlernt und sich schlie\u00dflich sogar neu verliebt. Bei abendlichen Telefonaten mit der besten Freundin werden s\u00e4mtliche Dating-Erfahrungen ausgiebig analysiert. Dabei helfen sich die Frauen gegenseitig \u00fcber so manchen Liebeskummer hinweg und ziehen sich bei Bedarf auch mal gegenseitig die Ohren lang. Am Ende stehen nicht nur einige wertvolle Erkenntnisse \u00fcber sich selbst und das Leben im Allgemeinen, sondern die Frauen finden auch endg\u00fcltig wieder zu sich selbst zur\u00fcck.<\/p>\n\n\n\n<div style=\"height:10px\" aria-hidden=\"true\" class=\"wp-block-spacer\"><\/div>\n\n\n\n<p style=\"line-height:2\"><strong><em>Im wahren Leben rettet einen eben immer die beste Freundin.<\/em><\/strong><\/p>\n\n\n\n<div style=\"height:40px\" aria-hidden=\"true\" class=\"wp-block-spacer\"><\/div>\n\n\n\n<p class=\"has-text-align-center\" style=\"padding-right:0;padding-left:0\"><strong>Erh\u00e4ltlich auf allen Online-Plattformen und im Buchhandel sowie unter anderem bei:<\/strong><\/p>\n\n\n\n<div style=\"height:30px\" aria-hidden=\"true\" class=\"wp-block-spacer\"><\/div>\n\n\n\n<div class=\"wp-block-columns is-layout-flex wp-container-core-columns-is-layout-28f84493 wp-block-columns-is-layout-flex\">\n<div class=\"wp-block-column is-layout-flow wp-block-column-is-layout-flow\">\n<figure class=\"wp-block-image aligncenter size-full is-resized\"><a href=\"https:\/\/www.amazon.de\/-\/en\/Delia-Camino\/dp\/3758306507\/ref=sr_1_3?qid=1707553483&amp;refinements=p_27%3ADelia+Camino&amp;s=books&amp;sr=1-3&amp;text=Delia+Camino\"><img loading=\"lazy\" decoding=\"async\" width=\"905\" height=\"273\" src=\"https:\/\/dcamino.es\/wp-content\/uploads\/2024\/02\/Amazon_logo.svg_.png\" alt=\"\" class=\"wp-image-544\" style=\"width:184px;height:auto\" srcset=\"https:\/\/dcamino.es\/wp-content\/uploads\/2024\/02\/Amazon_logo.svg_.png 905w, https:\/\/dcamino.es\/wp-content\/uploads\/2024\/02\/Amazon_logo.svg_-300x90.png 300w, https:\/\/dcamino.es\/wp-content\/uploads\/2024\/02\/Amazon_logo.svg_-768x232.png 768w\" sizes=\"auto, (max-width: 905px) 100vw, 905px\" \/><\/a><\/figure>\n<\/div>\n\n\n\n<div class=\"wp-block-column is-layout-flow wp-block-column-is-layout-flow\">\n<figure class=\"wp-block-image aligncenter size-full is-resized is-style-default\"><a href=\"https:\/\/www.thalia.de\/shop\/home\/artikeldetails\/A1070925601\"><img loading=\"lazy\" decoding=\"async\" width=\"474\" height=\"106\" src=\"https:\/\/dcamino.es\/wp-content\/uploads\/2024\/02\/th-2870355834.jpg\" alt=\"\" class=\"wp-image-547\" style=\"width:192px;height:auto\" srcset=\"https:\/\/dcamino.es\/wp-content\/uploads\/2024\/02\/th-2870355834.jpg 474w, https:\/\/dcamino.es\/wp-content\/uploads\/2024\/02\/th-2870355834-300x67.jpg 300w\" sizes=\"auto, (max-width: 474px) 100vw, 474px\" \/><\/a><\/figure>\n<\/div>\n<\/div>\n<\/div><\/div>\n\n\n\n<div style=\"height:20px\" aria-hidden=\"true\" class=\"wp-block-spacer\"><\/div>\n\n\n\n<div style=\"height:30px\" aria-hidden=\"true\" class=\"wp-block-spacer\"><\/div>\n\n\n\n<div style=\"height:40px\" aria-hidden=\"true\" class=\"wp-block-spacer\"><\/div>\n\n\n\n<div class=\"wp-block-media-text alignwide has-media-on-the-right is-stacked-on-mobile\" style=\"padding-right:var(--wp--preset--spacing--10);padding-left:var(--wp--preset--spacing--10);grid-template-columns:auto 33%\"><div class=\"wp-block-media-text__content\">\n<p><strong><em>Das Mitf\u00fchlen, Mitlachen, Mitfiebern und Mittr\u00e4umen geht weiter.<\/em><\/strong><\/p>\n\n\n\n<div style=\"height:10px\" aria-hidden=\"true\" class=\"wp-block-spacer\"><\/div>\n\n\n\n<p style=\"line-height:2\">In Band zwei beschreibt Lia mit viel trockenem Humor und Selbstironie ihren Crash-Kurs im modernen Online-Dating und l\u00e4sst den Leser daran teilhaben, wie sie von einer haarstr\u00e4ubenden Geschichte in die n\u00e4chste stolpert, dabei ein paar sehr nette, aber auch einige ziemlich schr\u00e4ge Typen kennenlernt, sich schlie\u00dflich sogar neu verliebt und auch dabei so einige \u00dcberraschungen erlebt.<\/p>\n\n\n\n<div style=\"height:10px\" aria-hidden=\"true\" class=\"wp-block-spacer\"><\/div>\n\n\n\n<p style=\"line-height:2\">Bei abendlichen Telefonaten mit der besten Freundin werden s\u00e4mtliche Dating-Erfahrungen ausgiebig analysiert, wobei sich die Frauen nicht nur gegenseitig \u00fcber so manchen Liebeskummer hinweghelfen, sondern auch zu einigen wertvollen Erkenntnissen \u00fcber das Leben im Allgemeinen kommen und schlie\u00dflich endg\u00fcltig wieder zu sich selbst zur\u00fcckfinden.<\/p>\n\n\n\n<div style=\"height:10px\" aria-hidden=\"true\" class=\"wp-block-spacer\"><\/div>\n\n\n\n<p style=\"line-height:2\">Ein Wohlf\u00fchlroman \u00fcber beste Freundinnen, die Verwirklichung von Tr\u00e4umen und den Mut, sich neu zu verlieben.<\/p>\n\n\n\n<div style=\"height:40px\" aria-hidden=\"true\" class=\"wp-block-spacer\"><\/div>\n\n\n\n<p class=\"has-text-align-center\" style=\"padding-right:0;padding-left:0\"><strong>Erh\u00e4ltlich auf allen Online-Plattformen und im Buchhandel sowie unter anderem bei:<\/strong><\/p>\n\n\n\n<div style=\"height:30px\" aria-hidden=\"true\" class=\"wp-block-spacer\"><\/div>\n\n\n\n<div class=\"wp-block-columns is-layout-flex wp-container-core-columns-is-layout-28f84493 wp-block-columns-is-layout-flex\">\n<div class=\"wp-block-column is-layout-flow wp-block-column-is-layout-flow\">\n<figure class=\"wp-block-image aligncenter size-full is-resized\"><a href=\"https:\/\/www.amazon.de\/-\/en\/Delia-Camino\/dp\/3758306361\/ref=sr_1_2?qid=1707553483&amp;refinements=p_27%3ADelia+Camino&amp;s=books&amp;sr=1-2&amp;text=Delia+Camino\"><img loading=\"lazy\" decoding=\"async\" width=\"905\" height=\"273\" src=\"https:\/\/dcamino.es\/wp-content\/uploads\/2024\/02\/Amazon_logo.svg_.png\" alt=\"\" class=\"wp-image-544\" style=\"width:184px;height:auto\" srcset=\"https:\/\/dcamino.es\/wp-content\/uploads\/2024\/02\/Amazon_logo.svg_.png 905w, https:\/\/dcamino.es\/wp-content\/uploads\/2024\/02\/Amazon_logo.svg_-300x90.png 300w, https:\/\/dcamino.es\/wp-content\/uploads\/2024\/02\/Amazon_logo.svg_-768x232.png 768w\" sizes=\"auto, (max-width: 905px) 100vw, 905px\" \/><\/a><\/figure>\n<\/div>\n\n\n\n<div class=\"wp-block-column is-layout-flow wp-block-column-is-layout-flow\">\n<figure class=\"wp-block-image aligncenter size-full is-resized is-style-default\"><a href=\"https:\/\/www.thalia.de\/shop\/home\/artikeldetails\/A1070925579\"><img loading=\"lazy\" decoding=\"async\" width=\"474\" height=\"106\" src=\"https:\/\/dcamino.es\/wp-content\/uploads\/2024\/02\/th-2870355834.jpg\" alt=\"\" class=\"wp-image-547\" style=\"width:192px;height:auto\" srcset=\"https:\/\/dcamino.es\/wp-content\/uploads\/2024\/02\/th-2870355834.jpg 474w, https:\/\/dcamino.es\/wp-content\/uploads\/2024\/02\/th-2870355834-300x67.jpg 300w\" sizes=\"auto, (max-width: 474px) 100vw, 474px\" \/><\/a><\/figure>\n<\/div>\n<\/div>\n<\/div><figure class=\"wp-block-media-text__media\"><img loading=\"lazy\" decoding=\"async\" width=\"401\" height=\"638\" src=\"https:\/\/dcamino.es\/wp-content\/uploads\/2024\/01\/caratula-2_web.jpg\" alt=\"\" class=\"wp-image-153 size-full\" srcset=\"https:\/\/dcamino.es\/wp-content\/uploads\/2024\/01\/caratula-2_web.jpg 401w, https:\/\/dcamino.es\/wp-content\/uploads\/2024\/01\/caratula-2_web-189x300.jpg 189w\" sizes=\"auto, (max-width: 401px) 100vw, 401px\" \/><\/figure><\/div>\n\n\n\n<div style=\"height:60px\" aria-hidden=\"true\" class=\"wp-block-spacer\"><\/div>\n\n\n\n<div class=\"wp-block-media-text alignwide is-stacked-on-mobile\" style=\"padding-right:var(--wp--preset--spacing--10);padding-left:var(--wp--preset--spacing--10);grid-template-columns:39% auto\"><figure class=\"wp-block-media-text__media\"><img loading=\"lazy\" decoding=\"async\" width=\"397\" height=\"638\" src=\"https:\/\/dcamino.es\/wp-content\/uploads\/2024\/01\/caratula_1_web.jpg\" alt=\"\" class=\"wp-image-154 size-full\" srcset=\"https:\/\/dcamino.es\/wp-content\/uploads\/2024\/01\/caratula_1_web.jpg 397w, https:\/\/dcamino.es\/wp-content\/uploads\/2024\/01\/caratula_1_web-187x300.jpg 187w\" sizes=\"auto, (max-width: 397px) 100vw, 397px\" \/><\/figure><div class=\"wp-block-media-text__content\">\n<div style=\"height:20px\" aria-hidden=\"true\" class=\"wp-block-spacer\"><\/div>\n\n\n\n<p><strong><em>Zum Mitf\u00fchlen, Mitlachen, Mitfiebern und Mittr\u00e4umen.<\/em><\/strong><\/p>\n\n\n\n<div style=\"height:10px\" aria-hidden=\"true\" class=\"wp-block-spacer\"><\/div>\n\n\n\n<p class=\"has-medium-font-size\" style=\"line-height:2\">Praktisch \u00fcber Nacht findet sich die f\u00fcnfundf\u00fcnfzigj\u00e4hrige deutsche Auswanderin Lia in ihrer Wahlheimat Spanien als Witwe wieder. Doch die Andalusier w\u00e4ren keine Andalusier, wenn sie Lia nicht voller W\u00e4rme auffangen w\u00fcrden.<\/p>\n\n\n\n<div style=\"height:10px\" aria-hidden=\"true\" class=\"wp-block-spacer\"><\/div>\n\n\n\n<p style=\"line-height:2\">Dieser erste von zwei B\u00e4nden erz\u00e4hlt, wie Lias Leben durch den Verlust des langj\u00e4hrigen Partners auf den Kopf gestellt wurde und wie sie es in einem fremden Land und einer fremden Kultur durch die Trauerphase schafft und ihr Leben schrittweise wieder in den Griff bekommt. Dabei findet sie nicht nur neue beste Freundinnen, sondern entdeckt auch ihre abenteuerliche Seite in sich und l\u00e4sst sich schlie\u00dflich sogar auf Dating-Plattformen ein. Voller Selbstironie beschreibt sie, was ihr da gleich zu Anfang passiert ist.<\/p>\n\n\n\n<div style=\"height:10px\" aria-hidden=\"true\" class=\"wp-block-spacer\"><\/div>\n\n\n\n<p style=\"line-height:2\">Ein Roman \u00fcber Verluste, Neuanf\u00e4nge, beste Freundinnen und modernes Dating, der so voller positiver Energie und Lebensfreude steckt, dass er Lust auf das Leben macht.<\/p>\n\n\n\n<div style=\"height:10px\" aria-hidden=\"true\" class=\"wp-block-spacer\"><\/div>\n\n\n\n<div style=\"height:50px\" aria-hidden=\"true\" class=\"wp-block-spacer\"><\/div>\n\n\n\n<p class=\"has-text-align-center\" style=\"padding-right:0;padding-left:0\"><strong>Erh\u00e4ltlich auf allen Online-Plattformen und im Buchhandel sowie unter anderem bei:<\/strong><\/p>\n\n\n\n<div style=\"height:30px\" aria-hidden=\"true\" class=\"wp-block-spacer\"><\/div>\n\n\n\n<div class=\"wp-block-columns is-layout-flex wp-container-core-columns-is-layout-28f84493 wp-block-columns-is-layout-flex\">\n<div class=\"wp-block-column is-layout-flow wp-block-column-is-layout-flow\">\n<figure class=\"wp-block-image aligncenter size-full is-resized\"><a href=\"https:\/\/www.amazon.de\/-\/en\/Delia-Camino\/dp\/3758302404\/ref=sr_1_1?qid=1707553483&amp;refinements=p_27%3ADelia+Camino&amp;s=books&amp;sr=1-1&amp;text=Delia+Camino\"><img loading=\"lazy\" decoding=\"async\" width=\"905\" height=\"273\" src=\"https:\/\/dcamino.es\/wp-content\/uploads\/2024\/02\/Amazon_logo.svg_.png\" alt=\"\" class=\"wp-image-544\" style=\"width:184px;height:auto\" srcset=\"https:\/\/dcamino.es\/wp-content\/uploads\/2024\/02\/Amazon_logo.svg_.png 905w, https:\/\/dcamino.es\/wp-content\/uploads\/2024\/02\/Amazon_logo.svg_-300x90.png 300w, https:\/\/dcamino.es\/wp-content\/uploads\/2024\/02\/Amazon_logo.svg_-768x232.png 768w\" sizes=\"auto, (max-width: 905px) 100vw, 905px\" \/><\/a><\/figure>\n<\/div>\n\n\n\n<div class=\"wp-block-column is-layout-flow wp-block-column-is-layout-flow\">\n<figure class=\"wp-block-image aligncenter size-full is-resized is-style-default\"><a href=\"https:\/\/www.thalia.de\/shop\/home\/artikeldetails\/A1070924800\"><img loading=\"lazy\" decoding=\"async\" width=\"474\" height=\"106\" src=\"https:\/\/dcamino.es\/wp-content\/uploads\/2024\/02\/th-2870355834.jpg\" alt=\"\" class=\"wp-image-547\" style=\"width:192px;height:auto\" srcset=\"https:\/\/dcamino.es\/wp-content\/uploads\/2024\/02\/th-2870355834.jpg 474w, https:\/\/dcamino.es\/wp-content\/uploads\/2024\/02\/th-2870355834-300x67.jpg 300w\" sizes=\"auto, (max-width: 474px) 100vw, 474px\" \/><\/a><\/figure>\n<\/div>\n<\/div>\n<\/div><\/div>\n","protected":false},"excerpt":{"rendered":"","protected":false},"author":1,"featured_media":0,"parent":0,"menu_order":0,"comment_status":"closed","ping_status":"closed","template":"","meta":{"_uag_custom_page_level_css":"","footnotes":""},"class_list":["post-67","page","type-page","status-publish","hentry"],"yoast_head":"<!-- This site is optimized with the Yoast SEO plugin v27.4 - https:\/\/yoast.com\/product\/yoast-seo-wordpress\/ -->\n<title>B\u00fccher - Delia Camino<\/title>\n<meta name=\"description\" content=\"Die beiden beliebten B\u00fccher von D. Camino jetzt auch als Sammelband!\" \/>\n<meta name=\"robots\" content=\"index, follow, max-snippet:-1, max-image-preview:large, max-video-preview:-1\" \/>\n<link rel=\"canonical\" href=\"https:\/\/dcamino.es\/index.php\/bucher\/\" \/>\n<meta property=\"og:locale\" content=\"en_US\" \/>\n<meta property=\"og:type\" content=\"article\" \/>\n<meta property=\"og:title\" content=\"B\u00fccher - Delia Camino\" \/>\n<meta property=\"og:description\" content=\"Die beiden beliebten B\u00fccher von D. Camino jetzt auch als Sammelband!\" \/>\n<meta property=\"og:url\" content=\"https:\/\/dcamino.es\/index.php\/bucher\/\" \/>\n<meta property=\"og:site_name\" content=\"Delia Camino\" \/>\n<meta property=\"article:modified_time\" content=\"2024-02-10T09:48:11+00:00\" \/>\n<meta property=\"og:image\" content=\"https:\/\/dcamino.es\/wp-content\/uploads\/2024\/01\/caratula_sum_web.jpg\" \/>\n<meta name=\"twitter:card\" content=\"summary_large_image\" \/>\n<meta name=\"twitter:label1\" content=\"Est. reading time\" \/>\n\t<meta name=\"twitter:data1\" content=\"4 minutes\" \/>\n<script type=\"application\/ld+json\" class=\"yoast-schema-graph\">{\"@context\":\"https:\\\/\\\/schema.org\",\"@graph\":[{\"@type\":\"WebPage\",\"@id\":\"https:\\\/\\\/dcamino.es\\\/index.php\\\/bucher\\\/\",\"url\":\"https:\\\/\\\/dcamino.es\\\/index.php\\\/bucher\\\/\",\"name\":\"B\u00fccher - Delia Camino\",\"isPartOf\":{\"@id\":\"https:\\\/\\\/dcamino.es\\\/#website\"},\"primaryImageOfPage\":{\"@id\":\"https:\\\/\\\/dcamino.es\\\/index.php\\\/bucher\\\/#primaryimage\"},\"image\":{\"@id\":\"https:\\\/\\\/dcamino.es\\\/index.php\\\/bucher\\\/#primaryimage\"},\"thumbnailUrl\":\"https:\\\/\\\/dcamino.es\\\/wp-content\\\/uploads\\\/2024\\\/01\\\/caratula_sum_web.jpg\",\"datePublished\":\"2024-01-06T22:40:41+00:00\",\"dateModified\":\"2024-02-10T09:48:11+00:00\",\"description\":\"Die beiden beliebten B\u00fccher von D. Camino jetzt auch als Sammelband!\",\"breadcrumb\":{\"@id\":\"https:\\\/\\\/dcamino.es\\\/index.php\\\/bucher\\\/#breadcrumb\"},\"inLanguage\":\"en-US\",\"potentialAction\":[{\"@type\":\"ReadAction\",\"target\":[\"https:\\\/\\\/dcamino.es\\\/index.php\\\/bucher\\\/\"]}]},{\"@type\":\"ImageObject\",\"inLanguage\":\"en-US\",\"@id\":\"https:\\\/\\\/dcamino.es\\\/index.php\\\/bucher\\\/#primaryimage\",\"url\":\"https:\\\/\\\/dcamino.es\\\/wp-content\\\/uploads\\\/2024\\\/01\\\/caratula_sum_web.jpg\",\"contentUrl\":\"https:\\\/\\\/dcamino.es\\\/wp-content\\\/uploads\\\/2024\\\/01\\\/caratula_sum_web.jpg\",\"width\":411,\"height\":638},{\"@type\":\"BreadcrumbList\",\"@id\":\"https:\\\/\\\/dcamino.es\\\/index.php\\\/bucher\\\/#breadcrumb\",\"itemListElement\":[{\"@type\":\"ListItem\",\"position\":1,\"name\":\"Home\",\"item\":\"https:\\\/\\\/dcamino.es\\\/\"},{\"@type\":\"ListItem\",\"position\":2,\"name\":\"B\u00fccher\"}]},{\"@type\":\"WebSite\",\"@id\":\"https:\\\/\\\/dcamino.es\\\/#website\",\"url\":\"https:\\\/\\\/dcamino.es\\\/\",\"name\":\"Delia Camino\",\"description\":\"\",\"publisher\":{\"@id\":\"https:\\\/\\\/dcamino.es\\\/#\\\/schema\\\/person\\\/0e5eb706284eea3e461f99c21d6c2a44\"},\"alternateName\":\"dcamino\",\"potentialAction\":[{\"@type\":\"SearchAction\",\"target\":{\"@type\":\"EntryPoint\",\"urlTemplate\":\"https:\\\/\\\/dcamino.es\\\/?s={search_term_string}\"},\"query-input\":{\"@type\":\"PropertyValueSpecification\",\"valueRequired\":true,\"valueName\":\"search_term_string\"}}],\"inLanguage\":\"en-US\"},{\"@type\":[\"Person\",\"Organization\"],\"@id\":\"https:\\\/\\\/dcamino.es\\\/#\\\/schema\\\/person\\\/0e5eb706284eea3e461f99c21d6c2a44\",\"name\":\"DCamino\",\"image\":{\"@type\":\"ImageObject\",\"inLanguage\":\"en-US\",\"@id\":\"https:\\\/\\\/dcamino.es\\\/wp-content\\\/uploads\\\/2024\\\/01\\\/FA__4578.jpg\",\"url\":\"https:\\\/\\\/dcamino.es\\\/wp-content\\\/uploads\\\/2024\\\/01\\\/FA__4578.jpg\",\"contentUrl\":\"https:\\\/\\\/dcamino.es\\\/wp-content\\\/uploads\\\/2024\\\/01\\\/FA__4578.jpg\",\"width\":1000,\"height\":487,\"caption\":\"DCamino\"},\"logo\":{\"@id\":\"https:\\\/\\\/dcamino.es\\\/wp-content\\\/uploads\\\/2024\\\/01\\\/FA__4578.jpg\"},\"sameAs\":[\"https:\\\/\\\/dcamino.es\"]}]}<\/script>\n<!-- \/ Yoast SEO plugin. -->","yoast_head_json":{"title":"B\u00fccher - Delia Camino","description":"Die beiden beliebten B\u00fccher von D. Camino jetzt auch als Sammelband!","robots":{"index":"index","follow":"follow","max-snippet":"max-snippet:-1","max-image-preview":"max-image-preview:large","max-video-preview":"max-video-preview:-1"},"canonical":"https:\/\/dcamino.es\/index.php\/bucher\/","og_locale":"en_US","og_type":"article","og_title":"B\u00fccher - Delia Camino","og_description":"Die beiden beliebten B\u00fccher von D. Camino jetzt auch als Sammelband!","og_url":"https:\/\/dcamino.es\/index.php\/bucher\/","og_site_name":"Delia Camino","article_modified_time":"2024-02-10T09:48:11+00:00","og_image":[{"url":"https:\/\/dcamino.es\/wp-content\/uploads\/2024\/01\/caratula_sum_web.jpg","type":"","width":"","height":""}],"twitter_card":"summary_large_image","twitter_misc":{"Est. reading time":"4 minutes"},"schema":{"@context":"https:\/\/schema.org","@graph":[{"@type":"WebPage","@id":"https:\/\/dcamino.es\/index.php\/bucher\/","url":"https:\/\/dcamino.es\/index.php\/bucher\/","name":"B\u00fccher - Delia Camino","isPartOf":{"@id":"https:\/\/dcamino.es\/#website"},"primaryImageOfPage":{"@id":"https:\/\/dcamino.es\/index.php\/bucher\/#primaryimage"},"image":{"@id":"https:\/\/dcamino.es\/index.php\/bucher\/#primaryimage"},"thumbnailUrl":"https:\/\/dcamino.es\/wp-content\/uploads\/2024\/01\/caratula_sum_web.jpg","datePublished":"2024-01-06T22:40:41+00:00","dateModified":"2024-02-10T09:48:11+00:00","description":"Die beiden beliebten B\u00fccher von D. Camino jetzt auch als Sammelband!","breadcrumb":{"@id":"https:\/\/dcamino.es\/index.php\/bucher\/#breadcrumb"},"inLanguage":"en-US","potentialAction":[{"@type":"ReadAction","target":["https:\/\/dcamino.es\/index.php\/bucher\/"]}]},{"@type":"ImageObject","inLanguage":"en-US","@id":"https:\/\/dcamino.es\/index.php\/bucher\/#primaryimage","url":"https:\/\/dcamino.es\/wp-content\/uploads\/2024\/01\/caratula_sum_web.jpg","contentUrl":"https:\/\/dcamino.es\/wp-content\/uploads\/2024\/01\/caratula_sum_web.jpg","width":411,"height":638},{"@type":"BreadcrumbList","@id":"https:\/\/dcamino.es\/index.php\/bucher\/#breadcrumb","itemListElement":[{"@type":"ListItem","position":1,"name":"Home","item":"https:\/\/dcamino.es\/"},{"@type":"ListItem","position":2,"name":"B\u00fccher"}]},{"@type":"WebSite","@id":"https:\/\/dcamino.es\/#website","url":"https:\/\/dcamino.es\/","name":"Delia Camino","description":"","publisher":{"@id":"https:\/\/dcamino.es\/#\/schema\/person\/0e5eb706284eea3e461f99c21d6c2a44"},"alternateName":"dcamino","potentialAction":[{"@type":"SearchAction","target":{"@type":"EntryPoint","urlTemplate":"https:\/\/dcamino.es\/?s={search_term_string}"},"query-input":{"@type":"PropertyValueSpecification","valueRequired":true,"valueName":"search_term_string"}}],"inLanguage":"en-US"},{"@type":["Person","Organization"],"@id":"https:\/\/dcamino.es\/#\/schema\/person\/0e5eb706284eea3e461f99c21d6c2a44","name":"DCamino","image":{"@type":"ImageObject","inLanguage":"en-US","@id":"https:\/\/dcamino.es\/wp-content\/uploads\/2024\/01\/FA__4578.jpg","url":"https:\/\/dcamino.es\/wp-content\/uploads\/2024\/01\/FA__4578.jpg","contentUrl":"https:\/\/dcamino.es\/wp-content\/uploads\/2024\/01\/FA__4578.jpg","width":1000,"height":487,"caption":"DCamino"},"logo":{"@id":"https:\/\/dcamino.es\/wp-content\/uploads\/2024\/01\/FA__4578.jpg"},"sameAs":["https:\/\/dcamino.es"]}]}},"uagb_featured_image_src":{"full":false,"thumbnail":false,"medium":false,"medium_large":false,"large":false,"1536x1536":false,"2048x2048":false},"uagb_author_info":{"display_name":"DCamino","author_link":"https:\/\/dcamino.es\/index.php\/author\/fekete-attila\/"},"uagb_comment_info":0,"uagb_excerpt":null,"post_mailing_queue_ids":[],"_links":{"self":[{"href":"https:\/\/dcamino.es\/index.php\/wp-json\/wp\/v2\/pages\/67","targetHints":{"allow":["GET"]}}],"collection":[{"href":"https:\/\/dcamino.es\/index.php\/wp-json\/wp\/v2\/pages"}],"about":[{"href":"https:\/\/dcamino.es\/index.php\/wp-json\/wp\/v2\/types\/page"}],"author":[{"embeddable":true,"href":"https:\/\/dcamino.es\/index.php\/wp-json\/wp\/v2\/users\/1"}],"replies":[{"embeddable":true,"href":"https:\/\/dcamino.es\/index.php\/wp-json\/wp\/v2\/comments?post=67"}],"version-history":[{"count":38,"href":"https:\/\/dcamino.es\/index.php\/wp-json\/wp\/v2\/pages\/67\/revisions"}],"predecessor-version":[{"id":570,"href":"https:\/\/dcamino.es\/index.php\/wp-json\/wp\/v2\/pages\/67\/revisions\/570"}],"wp:attachment":[{"href":"https:\/\/dcamino.es\/index.php\/wp-json\/wp\/v2\/media?parent=67"}],"curies":[{"name":"wp","href":"https:\/\/api.w.org\/{rel}","templated":true}]}}